{"id":229,"date":"2021-11-26T15:27:54","date_gmt":"2021-11-26T15:27:54","guid":{"rendered":"https:\/\/ozarslanmobilya.com.tr\/?page_id=229"},"modified":"2021-12-23T13:27:53","modified_gmt":"2021-12-23T13:27:53","slug":"projelerimiz","status":"publish","type":"page","link":"https:\/\/ozarslanmobilya.com.tr\/index.php\/projelerimiz\/","title":{"rendered":"Projelerimiz"},"content":{"rendered":"\t\t<div data-elementor-type=\"wp-page\" data-elementor-id=\"229\" class=\"elementor elementor-229\" data-elementor-settings=\"[]\">\n\t\t\t\t\t\t\t<div class=\"elementor-section-wrap\">\n\t\t\t\t\t\t\t<section class=\"elementor-section elementor-top-section elementor-element elementor-element-1ba2073 elementor-section-boxed elementor-section-height-default elementor-section-height-default\" data-id=\"1ba2073\" data-element_type=\"section\">\n\t\t\t\t\t\t<div class=\"elementor-container elementor-column-gap-default\">\n\t\t\t\t\t<div class=\"elementor-column elementor-col-100 elementor-top-column elementor-element elementor-element-f52a4fa\" data-id=\"f52a4fa\" data-element_type=\"column\">\n\t\t\t<div class=\"elementor-widget-wrap elementor-element-populated\">\n\t\t\t\t\t\t\t\t<div class=\"elementor-element elementor-element-052f1dd elementor-grid-2 elementor-grid-tablet-2 elementor-grid-mobile-1 elementor-posts--thumbnail-top elementor-card-shadow-yes elementor-posts__hover-gradient elementor-widget elementor-widget-posts\" data-id=\"052f1dd\" data-element_type=\"widget\" data-settings=\"{&quot;cards_columns&quot;:&quot;2&quot;,&quot;cards_masonry&quot;:&quot;yes&quot;,&quot;cards_columns_tablet&quot;:&quot;2&quot;,&quot;cards_columns_mobile&quot;:&quot;1&quot;,&quot;cards_row_gap&quot;:{&quot;unit&quot;:&quot;px&quot;,&quot;size&quot;:35,&quot;sizes&quot;:[]}}\" data-widget_type=\"posts.cards\">\n\t\t\t\t<div class=\"elementor-widget-container\">\n\t\t\t\t\t<div class=\"elementor-posts-container elementor-posts elementor-posts--skin-cards elementor-grid\">\n\t\t\t\t<article class=\"elementor-post elementor-grid-item post-603 portfolio type-portfolio status-publish has-post-thumbnail hentry\">\n\t\t\t<div class=\"elementor-post__card\">\n\t\t\t\t<a class=\"elementor-post__thumbnail__link\" href=\"https:\/\/ozarslanmobilya.com.tr\/index.php\/portfolio-item\/ev-tasarimi-proje-012\/\" >\n\t\t\t<div class=\"elementor-post__thumbnail\"><img loading=\"lazy\" decoding=\"async\" width=\"300\" height=\"168\" src=\"https:\/\/ozarslanmobilya.com.tr\/wp-content\/uploads\/2022\/06\/WhatsApp-Image-2022-06-04-at-14.23.55-1-300x168.jpeg\" class=\"attachment-medium size-medium\" alt=\"\" srcset=\"https:\/\/ozarslanmobilya.com.tr\/wp-content\/uploads\/2022\/06\/WhatsApp-Image-2022-06-04-at-14.23.55-1-300x168.jpeg 300w, https:\/\/ozarslanmobilya.com.tr\/wp-content\/uploads\/2022\/06\/WhatsApp-Image-2022-06-04-at-14.23.55-1-260x146.jpeg 260w, https:\/\/ozarslanmobilya.com.tr\/wp-content\/uploads\/2022\/06\/WhatsApp-Image-2022-06-04-at-14.23.55-1-50x28.jpeg 50w, https:\/\/ozarslanmobilya.com.tr\/wp-content\/uploads\/2022\/06\/WhatsApp-Image-2022-06-04-at-14.23.55-1-134x75.jpeg 134w, https:\/\/ozarslanmobilya.com.tr\/wp-content\/uploads\/2022\/06\/WhatsApp-Image-2022-06-04-at-14.23.55-1.jpeg 506w\" sizes=\"auto, (max-width: 300px) 100vw, 300px\" \/><\/div>\n\t\t<\/a>\n\t\t\t\t<div class=\"elementor-post__text\">\n\t\t\t\t<h3 class=\"elementor-post__title\">\n\t\t\t<a href=\"https:\/\/ozarslanmobilya.com.tr\/index.php\/portfolio-item\/ev-tasarimi-proje-012\/\" >\n\t\t\t\tEv Tasar\u0131m\u0131  Proje 012\t\t\t<\/a>\n\t\t<\/h3>\n\t\t\t\t<div class=\"elementor-post__excerpt\">\n\t\t\t\t\t<\/div>\n\t\t\t\t\t<a class=\"elementor-post__read-more\" href=\"https:\/\/ozarslanmobilya.com.tr\/index.php\/portfolio-item\/ev-tasarimi-proje-012\/\" >\n\t\t\t\tDaha Fazla \u00bb\t\t\t<\/a>\n\t\t\t\t<\/div>\n\t\t\t\t\t<\/div>\n\t\t<\/article>\n\t\t\t\t<article class=\"elementor-post elementor-grid-item post-424 portfolio type-portfolio status-publish has-post-thumbnail hentry\">\n\t\t\t<div class=\"elementor-post__card\">\n\t\t\t\t<a class=\"elementor-post__thumbnail__link\" href=\"https:\/\/ozarslanmobilya.com.tr\/index.php\/portfolio-item\/ev-tasarimi-8\/\" >\n\t\t\t<div class=\"elementor-post__thumbnail\"><img loading=\"lazy\" decoding=\"async\" width=\"300\" height=\"225\" src=\"https:\/\/ozarslanmobilya.com.tr\/wp-content\/uploads\/2022\/05\/WhatsApp-Image-2022-05-12-at-12.43.59-300x225.jpeg\" class=\"attachment-medium size-medium\" alt=\"\" srcset=\"https:\/\/ozarslanmobilya.com.tr\/wp-content\/uploads\/2022\/05\/WhatsApp-Image-2022-05-12-at-12.43.59-300x225.jpeg 300w, https:\/\/ozarslanmobilya.com.tr\/wp-content\/uploads\/2022\/05\/WhatsApp-Image-2022-05-12-at-12.43.59-1024x768.jpeg 1024w, https:\/\/ozarslanmobilya.com.tr\/wp-content\/uploads\/2022\/05\/WhatsApp-Image-2022-05-12-at-12.43.59-768x576.jpeg 768w, https:\/\/ozarslanmobilya.com.tr\/wp-content\/uploads\/2022\/05\/WhatsApp-Image-2022-05-12-at-12.43.59-1536x1152.jpeg 1536w, https:\/\/ozarslanmobilya.com.tr\/wp-content\/uploads\/2022\/05\/WhatsApp-Image-2022-05-12-at-12.43.59-195x146.jpeg 195w, https:\/\/ozarslanmobilya.com.tr\/wp-content\/uploads\/2022\/05\/WhatsApp-Image-2022-05-12-at-12.43.59-50x38.jpeg 50w, https:\/\/ozarslanmobilya.com.tr\/wp-content\/uploads\/2022\/05\/WhatsApp-Image-2022-05-12-at-12.43.59-100x75.jpeg 100w, https:\/\/ozarslanmobilya.com.tr\/wp-content\/uploads\/2022\/05\/WhatsApp-Image-2022-05-12-at-12.43.59-960x720.jpeg 960w, https:\/\/ozarslanmobilya.com.tr\/wp-content\/uploads\/2022\/05\/WhatsApp-Image-2022-05-12-at-12.43.59.jpeg 1600w\" sizes=\"auto, (max-width: 300px) 100vw, 300px\" \/><\/div>\n\t\t<\/a>\n\t\t\t\t<div class=\"elementor-post__text\">\n\t\t\t\t<h3 class=\"elementor-post__title\">\n\t\t\t<a href=\"https:\/\/ozarslanmobilya.com.tr\/index.php\/portfolio-item\/ev-tasarimi-8\/\" >\n\t\t\t\t\u0130\u015f Yeri Tasar\u0131m\u0131  Proje 011\t\t\t<\/a>\n\t\t<\/h3>\n\t\t\t\t<div class=\"elementor-post__excerpt\">\n\t\t\t\t\t<\/div>\n\t\t\t\t\t<a class=\"elementor-post__read-more\" href=\"https:\/\/ozarslanmobilya.com.tr\/index.php\/portfolio-item\/ev-tasarimi-8\/\" >\n\t\t\t\tDaha Fazla \u00bb\t\t\t<\/a>\n\t\t\t\t<\/div>\n\t\t\t\t\t<\/div>\n\t\t<\/article>\n\t\t\t\t<article class=\"elementor-post elementor-grid-item post-410 portfolio type-portfolio status-publish has-post-thumbnail hentry\">\n\t\t\t<div class=\"elementor-post__card\">\n\t\t\t\t<a class=\"elementor-post__thumbnail__link\" href=\"https:\/\/ozarslanmobilya.com.tr\/index.php\/portfolio-item\/is-yeri-tasarimi-2\/\" >\n\t\t\t<div class=\"elementor-post__thumbnail\"><img loading=\"lazy\" decoding=\"async\" width=\"300\" height=\"200\" src=\"https:\/\/ozarslanmobilya.com.tr\/wp-content\/uploads\/2021\/12\/HCR_6337-300x200.jpg\" class=\"attachment-medium size-medium\" alt=\"\" srcset=\"https:\/\/ozarslanmobilya.com.tr\/wp-content\/uploads\/2021\/12\/HCR_6337-300x200.jpg 300w, https:\/\/ozarslanmobilya.com.tr\/wp-content\/uploads\/2021\/12\/HCR_6337-1024x684.jpg 1024w, https:\/\/ozarslanmobilya.com.tr\/wp-content\/uploads\/2021\/12\/HCR_6337-768x513.jpg 768w, https:\/\/ozarslanmobilya.com.tr\/wp-content\/uploads\/2021\/12\/HCR_6337-1536x1026.jpg 1536w, https:\/\/ozarslanmobilya.com.tr\/wp-content\/uploads\/2021\/12\/HCR_6337-2048x1367.jpg 2048w, https:\/\/ozarslanmobilya.com.tr\/wp-content\/uploads\/2021\/12\/HCR_6337-219x146.jpg 219w, https:\/\/ozarslanmobilya.com.tr\/wp-content\/uploads\/2021\/12\/HCR_6337-50x33.jpg 50w, https:\/\/ozarslanmobilya.com.tr\/wp-content\/uploads\/2021\/12\/HCR_6337-112x75.jpg 112w\" sizes=\"auto, (max-width: 300px) 100vw, 300px\" \/><\/div>\n\t\t<\/a>\n\t\t\t\t<div class=\"elementor-post__text\">\n\t\t\t\t<h3 class=\"elementor-post__title\">\n\t\t\t<a href=\"https:\/\/ozarslanmobilya.com.tr\/index.php\/portfolio-item\/is-yeri-tasarimi-2\/\" >\n\t\t\t\t\u0130\u015f Yeri Tasar\u0131m\u0131  Proje 010\t\t\t<\/a>\n\t\t<\/h3>\n\t\t\t\t<div class=\"elementor-post__excerpt\">\n\t\t\t\t\t<\/div>\n\t\t\t\t\t<a class=\"elementor-post__read-more\" href=\"https:\/\/ozarslanmobilya.com.tr\/index.php\/portfolio-item\/is-yeri-tasarimi-2\/\" >\n\t\t\t\tDaha Fazla \u00bb\t\t\t<\/a>\n\t\t\t\t<\/div>\n\t\t\t\t\t<\/div>\n\t\t<\/article>\n\t\t\t\t<article class=\"elementor-post elementor-grid-item post-394 portfolio type-portfolio status-publish has-post-thumbnail hentry\">\n\t\t\t<div class=\"elementor-post__card\">\n\t\t\t\t<a class=\"elementor-post__thumbnail__link\" href=\"https:\/\/ozarslanmobilya.com.tr\/index.php\/portfolio-item\/ev-tasarimi-7\/\" >\n\t\t\t<div class=\"elementor-post__thumbnail\"><img loading=\"lazy\" decoding=\"async\" width=\"300\" height=\"169\" src=\"https:\/\/ozarslanmobilya.com.tr\/wp-content\/uploads\/2021\/12\/2-2-300x169.jpg\" class=\"attachment-medium size-medium\" alt=\"\" srcset=\"https:\/\/ozarslanmobilya.com.tr\/wp-content\/uploads\/2021\/12\/2-2-300x169.jpg 300w, https:\/\/ozarslanmobilya.com.tr\/wp-content\/uploads\/2021\/12\/2-2-1024x576.jpg 1024w, https:\/\/ozarslanmobilya.com.tr\/wp-content\/uploads\/2021\/12\/2-2-768x432.jpg 768w, https:\/\/ozarslanmobilya.com.tr\/wp-content\/uploads\/2021\/12\/2-2-1536x864.jpg 1536w, https:\/\/ozarslanmobilya.com.tr\/wp-content\/uploads\/2021\/12\/2-2-2048x1152.jpg 2048w, https:\/\/ozarslanmobilya.com.tr\/wp-content\/uploads\/2021\/12\/2-2-260x146.jpg 260w, https:\/\/ozarslanmobilya.com.tr\/wp-content\/uploads\/2021\/12\/2-2-50x28.jpg 50w, https:\/\/ozarslanmobilya.com.tr\/wp-content\/uploads\/2021\/12\/2-2-133x75.jpg 133w, https:\/\/ozarslanmobilya.com.tr\/wp-content\/uploads\/2021\/12\/2-2-1200x675.jpg 1200w\" sizes=\"auto, (max-width: 300px) 100vw, 300px\" \/><\/div>\n\t\t<\/a>\n\t\t\t\t<div class=\"elementor-post__text\">\n\t\t\t\t<h3 class=\"elementor-post__title\">\n\t\t\t<a href=\"https:\/\/ozarslanmobilya.com.tr\/index.php\/portfolio-item\/ev-tasarimi-7\/\" >\n\t\t\t\tEv Tasar\u0131m\u0131  Proje 008\t\t\t<\/a>\n\t\t<\/h3>\n\t\t\t\t<div class=\"elementor-post__excerpt\">\n\t\t\t\t\t<\/div>\n\t\t\t\t\t<a class=\"elementor-post__read-more\" href=\"https:\/\/ozarslanmobilya.com.tr\/index.php\/portfolio-item\/ev-tasarimi-7\/\" >\n\t\t\t\tDaha Fazla \u00bb\t\t\t<\/a>\n\t\t\t\t<\/div>\n\t\t\t\t\t<\/div>\n\t\t<\/article>\n\t\t\t\t<article class=\"elementor-post elementor-grid-item post-383 portfolio type-portfolio status-publish has-post-thumbnail hentry\">\n\t\t\t<div class=\"elementor-post__card\">\n\t\t\t\t<a class=\"elementor-post__thumbnail__link\" href=\"https:\/\/ozarslanmobilya.com.tr\/index.php\/portfolio-item\/ev-tasarimi-6\/\" >\n\t\t\t<div class=\"elementor-post__thumbnail\"><img loading=\"lazy\" decoding=\"async\" width=\"300\" height=\"212\" src=\"https:\/\/ozarslanmobilya.com.tr\/wp-content\/uploads\/2021\/12\/WhatsApp-Image-2021-10-16-at-08.39.15-1-300x212.jpeg\" class=\"attachment-medium size-medium\" alt=\"\" srcset=\"https:\/\/ozarslanmobilya.com.tr\/wp-content\/uploads\/2021\/12\/WhatsApp-Image-2021-10-16-at-08.39.15-1-300x212.jpeg 300w, https:\/\/ozarslanmobilya.com.tr\/wp-content\/uploads\/2021\/12\/WhatsApp-Image-2021-10-16-at-08.39.15-1-1024x724.jpeg 1024w, https:\/\/ozarslanmobilya.com.tr\/wp-content\/uploads\/2021\/12\/WhatsApp-Image-2021-10-16-at-08.39.15-1-768x543.jpeg 768w, https:\/\/ozarslanmobilya.com.tr\/wp-content\/uploads\/2021\/12\/WhatsApp-Image-2021-10-16-at-08.39.15-1-1536x1086.jpeg 1536w, https:\/\/ozarslanmobilya.com.tr\/wp-content\/uploads\/2021\/12\/WhatsApp-Image-2021-10-16-at-08.39.15-1-207x146.jpeg 207w, https:\/\/ozarslanmobilya.com.tr\/wp-content\/uploads\/2021\/12\/WhatsApp-Image-2021-10-16-at-08.39.15-1-50x35.jpeg 50w, https:\/\/ozarslanmobilya.com.tr\/wp-content\/uploads\/2021\/12\/WhatsApp-Image-2021-10-16-at-08.39.15-1-106x75.jpeg 106w, https:\/\/ozarslanmobilya.com.tr\/wp-content\/uploads\/2021\/12\/WhatsApp-Image-2021-10-16-at-08.39.15-1.jpeg 1600w\" sizes=\"auto, (max-width: 300px) 100vw, 300px\" \/><\/div>\n\t\t<\/a>\n\t\t\t\t<div class=\"elementor-post__text\">\n\t\t\t\t<h3 class=\"elementor-post__title\">\n\t\t\t<a href=\"https:\/\/ozarslanmobilya.com.tr\/index.php\/portfolio-item\/ev-tasarimi-6\/\" >\n\t\t\t\tEv Tasar\u0131m\u0131  Proje 007\t\t\t<\/a>\n\t\t<\/h3>\n\t\t\t\t<div class=\"elementor-post__excerpt\">\n\t\t\t\t\t<\/div>\n\t\t\t\t\t<a class=\"elementor-post__read-more\" href=\"https:\/\/ozarslanmobilya.com.tr\/index.php\/portfolio-item\/ev-tasarimi-6\/\" >\n\t\t\t\tDaha Fazla \u00bb\t\t\t<\/a>\n\t\t\t\t<\/div>\n\t\t\t\t\t<\/div>\n\t\t<\/article>\n\t\t\t\t<article class=\"elementor-post elementor-grid-item post-370 portfolio type-portfolio status-publish has-post-thumbnail hentry\">\n\t\t\t<div class=\"elementor-post__card\">\n\t\t\t\t<a class=\"elementor-post__thumbnail__link\" href=\"https:\/\/ozarslanmobilya.com.tr\/index.php\/portfolio-item\/ev-tasarimi-5\/\" >\n\t\t\t<div class=\"elementor-post__thumbnail\"><img loading=\"lazy\" decoding=\"async\" width=\"300\" height=\"169\" src=\"https:\/\/ozarslanmobilya.com.tr\/wp-content\/uploads\/2021\/12\/3-1-300x169.jpg\" class=\"attachment-medium size-medium\" alt=\"\" srcset=\"https:\/\/ozarslanmobilya.com.tr\/wp-content\/uploads\/2021\/12\/3-1-300x169.jpg 300w, https:\/\/ozarslanmobilya.com.tr\/wp-content\/uploads\/2021\/12\/3-1-1024x576.jpg 1024w, https:\/\/ozarslanmobilya.com.tr\/wp-content\/uploads\/2021\/12\/3-1-768x432.jpg 768w, https:\/\/ozarslanmobilya.com.tr\/wp-content\/uploads\/2021\/12\/3-1-260x146.jpg 260w, https:\/\/ozarslanmobilya.com.tr\/wp-content\/uploads\/2021\/12\/3-1-50x28.jpg 50w, https:\/\/ozarslanmobilya.com.tr\/wp-content\/uploads\/2021\/12\/3-1-133x75.jpg 133w, https:\/\/ozarslanmobilya.com.tr\/wp-content\/uploads\/2021\/12\/3-1-1200x675.jpg 1200w, https:\/\/ozarslanmobilya.com.tr\/wp-content\/uploads\/2021\/12\/3-1.jpg 1280w\" sizes=\"auto, (max-width: 300px) 100vw, 300px\" \/><\/div>\n\t\t<\/a>\n\t\t\t\t<div class=\"elementor-post__text\">\n\t\t\t\t<h3 class=\"elementor-post__title\">\n\t\t\t<a href=\"https:\/\/ozarslanmobilya.com.tr\/index.php\/portfolio-item\/ev-tasarimi-5\/\" >\n\t\t\t\tEv Tasar\u0131m\u0131  Proje 006\t\t\t<\/a>\n\t\t<\/h3>\n\t\t\t\t<div class=\"elementor-post__excerpt\">\n\t\t\t\t\t<\/div>\n\t\t\t\t\t<a class=\"elementor-post__read-more\" href=\"https:\/\/ozarslanmobilya.com.tr\/index.php\/portfolio-item\/ev-tasarimi-5\/\" >\n\t\t\t\tDaha Fazla \u00bb\t\t\t<\/a>\n\t\t\t\t<\/div>\n\t\t\t\t\t<\/div>\n\t\t<\/article>\n\t\t\t\t<article class=\"elementor-post elementor-grid-item post-357 portfolio type-portfolio status-publish has-post-thumbnail hentry\">\n\t\t\t<div class=\"elementor-post__card\">\n\t\t\t\t<a class=\"elementor-post__thumbnail__link\" href=\"https:\/\/ozarslanmobilya.com.tr\/index.php\/portfolio-item\/ev-tasarimi-4\/\" >\n\t\t\t<div class=\"elementor-post__thumbnail\"><img loading=\"lazy\" decoding=\"async\" width=\"300\" height=\"169\" src=\"https:\/\/ozarslanmobilya.com.tr\/wp-content\/uploads\/2021\/12\/1-2-300x169.jpg\" class=\"attachment-medium size-medium\" alt=\"\" srcset=\"https:\/\/ozarslanmobilya.com.tr\/wp-content\/uploads\/2021\/12\/1-2-300x169.jpg 300w, https:\/\/ozarslanmobilya.com.tr\/wp-content\/uploads\/2021\/12\/1-2-1024x576.jpg 1024w, https:\/\/ozarslanmobilya.com.tr\/wp-content\/uploads\/2021\/12\/1-2-768x432.jpg 768w, https:\/\/ozarslanmobilya.com.tr\/wp-content\/uploads\/2021\/12\/1-2-1536x864.jpg 1536w, https:\/\/ozarslanmobilya.com.tr\/wp-content\/uploads\/2021\/12\/1-2-260x146.jpg 260w, https:\/\/ozarslanmobilya.com.tr\/wp-content\/uploads\/2021\/12\/1-2-50x28.jpg 50w, https:\/\/ozarslanmobilya.com.tr\/wp-content\/uploads\/2021\/12\/1-2-133x75.jpg 133w, https:\/\/ozarslanmobilya.com.tr\/wp-content\/uploads\/2021\/12\/1-2-1200x675.jpg 1200w, https:\/\/ozarslanmobilya.com.tr\/wp-content\/uploads\/2021\/12\/1-2.jpg 1920w\" sizes=\"auto, (max-width: 300px) 100vw, 300px\" \/><\/div>\n\t\t<\/a>\n\t\t\t\t<div class=\"elementor-post__text\">\n\t\t\t\t<h3 class=\"elementor-post__title\">\n\t\t\t<a href=\"https:\/\/ozarslanmobilya.com.tr\/index.php\/portfolio-item\/ev-tasarimi-4\/\" >\n\t\t\t\tEv Tasar\u0131m\u0131  Proje 005\t\t\t<\/a>\n\t\t<\/h3>\n\t\t\t\t<div class=\"elementor-post__excerpt\">\n\t\t\t\t\t<\/div>\n\t\t\t\t\t<a class=\"elementor-post__read-more\" href=\"https:\/\/ozarslanmobilya.com.tr\/index.php\/portfolio-item\/ev-tasarimi-4\/\" >\n\t\t\t\tDaha Fazla \u00bb\t\t\t<\/a>\n\t\t\t\t<\/div>\n\t\t\t\t\t<\/div>\n\t\t<\/article>\n\t\t\t\t<article class=\"elementor-post elementor-grid-item post-346 portfolio type-portfolio status-publish has-post-thumbnail hentry\">\n\t\t\t<div class=\"elementor-post__card\">\n\t\t\t\t<a class=\"elementor-post__thumbnail__link\" href=\"https:\/\/ozarslanmobilya.com.tr\/index.php\/portfolio-item\/ev-tasarimi-3\/\" >\n\t\t\t<div class=\"elementor-post__thumbnail\"><img loading=\"lazy\" decoding=\"async\" width=\"300\" height=\"169\" src=\"https:\/\/ozarslanmobilya.com.tr\/wp-content\/uploads\/2021\/12\/1-300x169.jpg\" class=\"attachment-medium size-medium\" alt=\"\" srcset=\"https:\/\/ozarslanmobilya.com.tr\/wp-content\/uploads\/2021\/12\/1-300x169.jpg 300w, https:\/\/ozarslanmobilya.com.tr\/wp-content\/uploads\/2021\/12\/1-1024x576.jpg 1024w, https:\/\/ozarslanmobilya.com.tr\/wp-content\/uploads\/2021\/12\/1-768x432.jpg 768w, https:\/\/ozarslanmobilya.com.tr\/wp-content\/uploads\/2021\/12\/1-260x146.jpg 260w, https:\/\/ozarslanmobilya.com.tr\/wp-content\/uploads\/2021\/12\/1-50x28.jpg 50w, https:\/\/ozarslanmobilya.com.tr\/wp-content\/uploads\/2021\/12\/1-133x75.jpg 133w, https:\/\/ozarslanmobilya.com.tr\/wp-content\/uploads\/2021\/12\/1-1200x675.jpg 1200w, https:\/\/ozarslanmobilya.com.tr\/wp-content\/uploads\/2021\/12\/1.jpg 1280w\" sizes=\"auto, (max-width: 300px) 100vw, 300px\" \/><\/div>\n\t\t<\/a>\n\t\t\t\t<div class=\"elementor-post__text\">\n\t\t\t\t<h3 class=\"elementor-post__title\">\n\t\t\t<a href=\"https:\/\/ozarslanmobilya.com.tr\/index.php\/portfolio-item\/ev-tasarimi-3\/\" >\n\t\t\t\tEv Tasar\u0131m\u0131  Proje 004\t\t\t<\/a>\n\t\t<\/h3>\n\t\t\t\t<div class=\"elementor-post__excerpt\">\n\t\t\t\t\t<\/div>\n\t\t\t\t\t<a class=\"elementor-post__read-more\" href=\"https:\/\/ozarslanmobilya.com.tr\/index.php\/portfolio-item\/ev-tasarimi-3\/\" >\n\t\t\t\tDaha Fazla \u00bb\t\t\t<\/a>\n\t\t\t\t<\/div>\n\t\t\t\t\t<\/div>\n\t\t<\/article>\n\t\t\t\t<article class=\"elementor-post elementor-grid-item post-295 portfolio type-portfolio status-publish has-post-thumbnail hentry\">\n\t\t\t<div class=\"elementor-post__card\">\n\t\t\t\t<a class=\"elementor-post__thumbnail__link\" href=\"https:\/\/ozarslanmobilya.com.tr\/index.php\/portfolio-item\/ev-tasarimi-2\/\" >\n\t\t\t<div class=\"elementor-post__thumbnail\"><img loading=\"lazy\" decoding=\"async\" width=\"300\" height=\"200\" src=\"https:\/\/ozarslanmobilya.com.tr\/wp-content\/uploads\/2021\/12\/IMG_3730_1600x1067-300x200.jpg\" class=\"attachment-medium size-medium\" alt=\"\" srcset=\"https:\/\/ozarslanmobilya.com.tr\/wp-content\/uploads\/2021\/12\/IMG_3730_1600x1067-300x200.jpg 300w, https:\/\/ozarslanmobilya.com.tr\/wp-content\/uploads\/2021\/12\/IMG_3730_1600x1067-1024x683.jpg 1024w, https:\/\/ozarslanmobilya.com.tr\/wp-content\/uploads\/2021\/12\/IMG_3730_1600x1067-768x512.jpg 768w, https:\/\/ozarslanmobilya.com.tr\/wp-content\/uploads\/2021\/12\/IMG_3730_1600x1067-1536x1024.jpg 1536w, https:\/\/ozarslanmobilya.com.tr\/wp-content\/uploads\/2021\/12\/IMG_3730_1600x1067-219x146.jpg 219w, https:\/\/ozarslanmobilya.com.tr\/wp-content\/uploads\/2021\/12\/IMG_3730_1600x1067-50x33.jpg 50w, https:\/\/ozarslanmobilya.com.tr\/wp-content\/uploads\/2021\/12\/IMG_3730_1600x1067-112x75.jpg 112w, https:\/\/ozarslanmobilya.com.tr\/wp-content\/uploads\/2021\/12\/IMG_3730_1600x1067.jpg 1600w\" sizes=\"auto, (max-width: 300px) 100vw, 300px\" \/><\/div>\n\t\t<\/a>\n\t\t\t\t<div class=\"elementor-post__text\">\n\t\t\t\t<h3 class=\"elementor-post__title\">\n\t\t\t<a href=\"https:\/\/ozarslanmobilya.com.tr\/index.php\/portfolio-item\/ev-tasarimi-2\/\" >\n\t\t\t\tEv Tasar\u0131m\u0131  Proje 003\t\t\t<\/a>\n\t\t<\/h3>\n\t\t\t\t<div class=\"elementor-post__excerpt\">\n\t\t\t\t\t<\/div>\n\t\t\t\t\t<a class=\"elementor-post__read-more\" href=\"https:\/\/ozarslanmobilya.com.tr\/index.php\/portfolio-item\/ev-tasarimi-2\/\" >\n\t\t\t\tDaha Fazla \u00bb\t\t\t<\/a>\n\t\t\t\t<\/div>\n\t\t\t\t\t<\/div>\n\t\t<\/article>\n\t\t\t\t<article class=\"elementor-post elementor-grid-item post-279 portfolio type-portfolio status-publish has-post-thumbnail hentry\">\n\t\t\t<div class=\"elementor-post__card\">\n\t\t\t\t<a class=\"elementor-post__thumbnail__link\" href=\"https:\/\/ozarslanmobilya.com.tr\/index.php\/portfolio-item\/ev-tasarimi\/\" >\n\t\t\t<div class=\"elementor-post__thumbnail\"><img loading=\"lazy\" decoding=\"async\" width=\"300\" height=\"200\" src=\"https:\/\/ozarslanmobilya.com.tr\/wp-content\/uploads\/2021\/12\/DSC00344-300x200.jpg\" class=\"attachment-medium size-medium\" alt=\"\" srcset=\"https:\/\/ozarslanmobilya.com.tr\/wp-content\/uploads\/2021\/12\/DSC00344-300x200.jpg 300w, https:\/\/ozarslanmobilya.com.tr\/wp-content\/uploads\/2021\/12\/DSC00344-1024x683.jpg 1024w, https:\/\/ozarslanmobilya.com.tr\/wp-content\/uploads\/2021\/12\/DSC00344-768x512.jpg 768w, https:\/\/ozarslanmobilya.com.tr\/wp-content\/uploads\/2021\/12\/DSC00344-1536x1024.jpg 1536w, https:\/\/ozarslanmobilya.com.tr\/wp-content\/uploads\/2021\/12\/DSC00344-2048x1365.jpg 2048w, https:\/\/ozarslanmobilya.com.tr\/wp-content\/uploads\/2021\/12\/DSC00344-219x146.jpg 219w, https:\/\/ozarslanmobilya.com.tr\/wp-content\/uploads\/2021\/12\/DSC00344-50x33.jpg 50w, https:\/\/ozarslanmobilya.com.tr\/wp-content\/uploads\/2021\/12\/DSC00344-113x75.jpg 113w\" sizes=\"auto, (max-width: 300px) 100vw, 300px\" \/><\/div>\n\t\t<\/a>\n\t\t\t\t<div class=\"elementor-post__text\">\n\t\t\t\t<h3 class=\"elementor-post__title\">\n\t\t\t<a href=\"https:\/\/ozarslanmobilya.com.tr\/index.php\/portfolio-item\/ev-tasarimi\/\" >\n\t\t\t\tEv Tasar\u0131m\u0131  Proje 002\t\t\t<\/a>\n\t\t<\/h3>\n\t\t\t\t<div class=\"elementor-post__excerpt\">\n\t\t\t\t\t<\/div>\n\t\t\t\t\t<a class=\"elementor-post__read-more\" href=\"https:\/\/ozarslanmobilya.com.tr\/index.php\/portfolio-item\/ev-tasarimi\/\" >\n\t\t\t\tDaha Fazla \u00bb\t\t\t<\/a>\n\t\t\t\t<\/div>\n\t\t\t\t\t<\/div>\n\t\t<\/article>\n\t\t\t\t<article class=\"elementor-post elementor-grid-item post-257 portfolio type-portfolio status-publish has-post-thumbnail hentry\">\n\t\t\t<div class=\"elementor-post__card\">\n\t\t\t\t<a class=\"elementor-post__thumbnail__link\" href=\"https:\/\/ozarslanmobilya.com.tr\/index.php\/portfolio-item\/tasarimi\/\" >\n\t\t\t<div class=\"elementor-post__thumbnail\"><img loading=\"lazy\" decoding=\"async\" width=\"300\" height=\"200\" src=\"https:\/\/ozarslanmobilya.com.tr\/wp-content\/uploads\/2021\/12\/DSC01537-300x200.jpg\" class=\"attachment-medium size-medium\" alt=\"\" srcset=\"https:\/\/ozarslanmobilya.com.tr\/wp-content\/uploads\/2021\/12\/DSC01537-300x200.jpg 300w, https:\/\/ozarslanmobilya.com.tr\/wp-content\/uploads\/2021\/12\/DSC01537-1024x683.jpg 1024w, https:\/\/ozarslanmobilya.com.tr\/wp-content\/uploads\/2021\/12\/DSC01537-768x512.jpg 768w, https:\/\/ozarslanmobilya.com.tr\/wp-content\/uploads\/2021\/12\/DSC01537-1536x1024.jpg 1536w, https:\/\/ozarslanmobilya.com.tr\/wp-content\/uploads\/2021\/12\/DSC01537-2048x1365.jpg 2048w, https:\/\/ozarslanmobilya.com.tr\/wp-content\/uploads\/2021\/12\/DSC01537-219x146.jpg 219w, https:\/\/ozarslanmobilya.com.tr\/wp-content\/uploads\/2021\/12\/DSC01537-50x33.jpg 50w, https:\/\/ozarslanmobilya.com.tr\/wp-content\/uploads\/2021\/12\/DSC01537-113x75.jpg 113w\" sizes=\"auto, (max-width: 300px) 100vw, 300px\" \/><\/div>\n\t\t<\/a>\n\t\t\t\t<div class=\"elementor-post__text\">\n\t\t\t\t<h3 class=\"elementor-post__title\">\n\t\t\t<a href=\"https:\/\/ozarslanmobilya.com.tr\/index.php\/portfolio-item\/tasarimi\/\" >\n\t\t\t\tEv Tasar\u0131m\u0131 Proje 001\t\t\t<\/a>\n\t\t<\/h3>\n\t\t\t\t<div class=\"elementor-post__excerpt\">\n\t\t\t\t\t<\/div>\n\t\t\t\t\t<a class=\"elementor-post__read-more\" href=\"https:\/\/ozarslanmobilya.com.tr\/index.php\/portfolio-item\/tasarimi\/\" >\n\t\t\t\tDaha Fazla \u00bb\t\t\t<\/a>\n\t\t\t\t<\/div>\n\t\t\t\t\t<\/div>\n\t\t<\/article>\n\t\t\t\t<\/div>\n\t\t\t\t<\/div>\n\t\t\t\t<\/div>\n\t\t\t\t\t<\/div>\n\t\t<\/div>\n\t\t\t\t\t\t\t<\/div>\n\t\t<\/section>\n\t\t\t\t\t\t<\/div>\n\t\t\t\t\t<\/div>\n\t\t","protected":false},"excerpt":{"rendered":"","protected":false},"author":2,"featured_media":0,"parent":0,"menu_order":0,"comment_status":"closed","ping_status":"closed","template":"","meta":{"_joinchat":[],"footnotes":""},"class_list":["post-229","page","type-page","status-publish","hentry"],"_links":{"self":[{"href":"https:\/\/ozarslanmobilya.com.tr\/index.php\/wp-json\/wp\/v2\/pages\/229","targetHints":{"allow":["GET"]}}],"collection":[{"href":"https:\/\/ozarslanmobilya.com.tr\/index.php\/wp-json\/wp\/v2\/pages"}],"about":[{"href":"https:\/\/ozarslanmobilya.com.tr\/index.php\/wp-json\/wp\/v2\/types\/page"}],"author":[{"embeddable":true,"href":"https:\/\/ozarslanmobilya.com.tr\/index.php\/wp-json\/wp\/v2\/users\/2"}],"replies":[{"embeddable":true,"href":"https:\/\/ozarslanmobilya.com.tr\/index.php\/wp-json\/wp\/v2\/comments?post=229"}],"version-history":[{"count":13,"href":"https:\/\/ozarslanmobilya.com.tr\/index.php\/wp-json\/wp\/v2\/pages\/229\/revisions"}],"predecessor-version":[{"id":579,"href":"https:\/\/ozarslanmobilya.com.tr\/index.php\/wp-json\/wp\/v2\/pages\/229\/revisions\/579"}],"wp:attachment":[{"href":"https:\/\/ozarslanmobilya.com.tr\/index.php\/wp-json\/wp\/v2\/media?parent=229"}],"curies":[{"name":"wp","href":"https:\/\/api.w.org\/{rel}","templated":true}]}}